{"id":9146,"date":"2021-09-23T15:22:08","date_gmt":"2021-09-23T15:22:08","guid":{"rendered":"https:\/\/www.calvera.es\/proyectos\/ng-pod-project\/"},"modified":"2024-05-28T11:57:45","modified_gmt":"2024-05-28T11:57:45","slug":"ng-pod-project","status":"publish","type":"page","link":"https:\/\/www.calvera.es\/es\/proyectos\/ng-pod-project\/","title":{"rendered":"Proyecto NG-POD"},"content":{"rendered":"<p>[vc_row full_width=&#8221;stretch_row&#8221; css=&#8221;.vc_custom_1632410522229{padding-top: 200px !important;padding-bottom: 140px !important;background-image: url(http:\/\/www.calvera.es\/wp-content\/uploads\/2021\/09\/bg-ng.jpg?id=8154) !important;background-position: center !important;background-repeat: no-repeat !important;background-size: cover !important;}&#8221;][vc_column][vc_row_inner][vc_column_inner width=&#8221;1\/4&#8243;][\/vc_column_inner][vc_column_inner width=&#8221;1\/2&#8243;]<header class=\"kd-section-title col-lg-12 text-center  kd-animated fadeIn  \" data-animation-delay=200><h1 class=\"separator_off\" style=\"color: #ffffff;\">Proyecto NG-POD<\/h1><\/header>[\/vc_column_inner][vc_column_inner width=&#8221;1\/4&#8243;][\/vc_column_inner][\/vc_row_inner][\/vc_column][\/vc_row][vc_row css=&#8221;.vc_custom_1541587303248{padding-top: 100px !important;padding-bottom: 50px !important;}&#8221;][vc_column width=&#8221;1\/4&#8243;]<div class=\"key-icon-box icon-default  cont-left ib-no-effect  kd-animated fadeIn\" style=\"background-color: transparent;\" data-animation-delay=200><h6 class=\"service-heading\" >Proyecto<\/h6><p >NG-POD<\/p><\/div>[vc_empty_space height=&#8221;50&#8243;][\/vc_column][vc_column width=&#8221;1\/2&#8243;][vc_column_text]Como referente internacional en almacenamiento y transporte de gases comprimidos a alta presi\u00f3n, CALVERA HYDROGEN ha presentado un nuevo producto con un alto grado de innovaci\u00f3n, en su l\u00ednea GNC (gas natural comprimido y biog\u00e1s).<\/p>\n<p>Se trata del sistema de distribuci\u00f3n NG-POD, un m\u00f3dulo para el transporte de gas comprimido a 250 bares, para una gama de clientes de bajo y medio consumo. Este sistema de distribuci\u00f3n tiene una gran flexibilidad de rotaci\u00f3n en el punto de consumo, adapt\u00e1ndose a las necesidades de cada cliente, con un cambio r\u00e1pido y optimizado de bundles llenos o vac\u00edos.<\/p>\n<p>Por estas caracter\u00edsticas, es la soluci\u00f3n ideal para satisfacer la demanda de las empresas distribuidoras de gas, que necesitan abastecer a lugares remotos -ya sea en zonas monta\u00f1osas o lugares dispersos- o a clientes del sector terciario, a gran distancia del transporte convencional y con bajo consumo.[\/vc_column_text][\/vc_column][vc_column width=&#8221;1\/12&#8243;][\/vc_column][vc_column width=&#8221;1\/6&#8243;][vc_media_grid element_width=&#8221;12&#8243; grid_id=&#8221;vc_gid:1716897438093-7722c7a2-2fe9-3&#8243; include=&#8221;8152,8153&#8243;][\/vc_column][\/vc_row]<\/p>\n","protected":false},"excerpt":{"rendered":"<p>[vc_row full_width=&#8221;stretch_row&#8221; css=&#8221;.vc_custom_1632410522229{padding-top: 200px !important;padding-bottom: 140px !important;background-image: url(http:\/\/www.calvera.es\/wp-content\/uploads\/2021\/09\/bg-ng.jpg?id=8154) !important;background-position: center !important;background-repeat: no-repeat !important;background-size: cover !important;}&#8221;][vc_column][vc_row_inner][vc_column_inner width=&#8221;1\/4&#8243;][\/vc_column_inner][vc_column_inner width=&#8221;1\/2&#8243;][\/vc_column_inner][vc_column_inner width=&#8221;1\/4&#8243;][\/vc_column_inner][\/vc_row_inner][\/vc_column][\/vc_row][vc_row css=&#8221;.vc_custom_1541587303248{padding-top: 100px [&hellip;]<\/p>\n","protected":false},"author":1,"featured_media":0,"parent":9126,"menu_order":0,"comment_status":"closed","ping_status":"closed","template":"","meta":{"footnotes":""},"class_list":["post-9146","page","type-page","status-publish","hentry"],"yoast_head":"<!-- This site is optimized with the Yoast SEO plugin v27.3 - https:\/\/yoast.com\/product\/yoast-seo-wordpress\/ -->\n<title>Proyecto NG-POD - Calvera Hydrogen<\/title>\n<meta name=\"description\" content=\"Calvera ha presentado un nuevo producto con un alto grado de innovaci\u00f3n en su proyecto GNC (gas natural comprimido y biog\u00e1s).\" \/>\n<meta name=\"robots\" content=\"index, follow, max-snippet:-1, max-image-preview:large, max-video-preview:-1\" \/>\n<link rel=\"canonical\" href=\"https:\/\/www.calvera.es\/es\/proyectos\/ng-pod-project\/\" \/>\n<meta property=\"og:locale\" content=\"es_ES\" \/>\n<meta property=\"og:type\" content=\"article\" \/>\n<meta property=\"og:title\" content=\"Proyecto NG-POD - Calvera Hydrogen\" \/>\n<meta property=\"og:description\" content=\"Calvera ha presentado un nuevo producto con un alto grado de innovaci\u00f3n en su proyecto GNC (gas natural comprimido y biog\u00e1s).\" \/>\n<meta property=\"og:url\" content=\"https:\/\/www.calvera.es\/es\/proyectos\/ng-pod-project\/\" \/>\n<meta property=\"og:site_name\" content=\"Calvera Hydrogen\" \/>\n<meta property=\"article:modified_time\" content=\"2024-05-28T11:57:45+00:00\" \/>\n<meta name=\"twitter:card\" content=\"summary_large_image\" \/>\n<meta name=\"twitter:label1\" content=\"Tiempo de lectura\" \/>\n\t<meta name=\"twitter:data1\" content=\"1 minuto\" \/>\n<script type=\"application\/ld+json\" class=\"yoast-schema-graph\">{\"@context\":\"https:\\\/\\\/schema.org\",\"@graph\":[{\"@type\":\"WebPage\",\"@id\":\"https:\\\/\\\/www.calvera.es\\\/es\\\/proyectos\\\/ng-pod-project\\\/\",\"url\":\"https:\\\/\\\/www.calvera.es\\\/es\\\/proyectos\\\/ng-pod-project\\\/\",\"name\":\"Proyecto NG-POD - Calvera Hydrogen\",\"isPartOf\":{\"@id\":\"https:\\\/\\\/www.calvera.es\\\/#website\"},\"datePublished\":\"2021-09-23T15:22:08+00:00\",\"dateModified\":\"2024-05-28T11:57:45+00:00\",\"description\":\"Calvera ha presentado un nuevo producto con un alto grado de innovaci\u00f3n en su proyecto GNC (gas natural comprimido y biog\u00e1s).\",\"breadcrumb\":{\"@id\":\"https:\\\/\\\/www.calvera.es\\\/es\\\/proyectos\\\/ng-pod-project\\\/#breadcrumb\"},\"inLanguage\":\"es\",\"potentialAction\":[{\"@type\":\"ReadAction\",\"target\":[\"https:\\\/\\\/www.calvera.es\\\/es\\\/proyectos\\\/ng-pod-project\\\/\"]}]},{\"@type\":\"BreadcrumbList\",\"@id\":\"https:\\\/\\\/www.calvera.es\\\/es\\\/proyectos\\\/ng-pod-project\\\/#breadcrumb\",\"itemListElement\":[{\"@type\":\"ListItem\",\"position\":1,\"name\":\"Portada\",\"item\":\"https:\\\/\\\/www.calvera.es\\\/es\\\/\"},{\"@type\":\"ListItem\",\"position\":2,\"name\":\"PROYECTOS\",\"item\":\"https:\\\/\\\/www.calvera.es\\\/es\\\/proyectos\\\/\"},{\"@type\":\"ListItem\",\"position\":3,\"name\":\"Proyecto NG-POD\"}]},{\"@type\":\"WebSite\",\"@id\":\"https:\\\/\\\/www.calvera.es\\\/#website\",\"url\":\"https:\\\/\\\/www.calvera.es\\\/\",\"name\":\"Calvera Hydrogen\",\"description\":\"Design and manufacture of hydrogen, biomethane and other gases infrastructure equipment\",\"potentialAction\":[{\"@type\":\"SearchAction\",\"target\":{\"@type\":\"EntryPoint\",\"urlTemplate\":\"https:\\\/\\\/www.calvera.es\\\/?s={search_term_string}\"},\"query-input\":{\"@type\":\"PropertyValueSpecification\",\"valueRequired\":true,\"valueName\":\"search_term_string\"}}],\"inLanguage\":\"es\"}]}<\/script>\n<!-- \/ Yoast SEO plugin. -->","yoast_head_json":{"title":"Proyecto NG-POD - Calvera Hydrogen","description":"Calvera ha presentado un nuevo producto con un alto grado de innovaci\u00f3n en su proyecto GNC (gas natural comprimido y biog\u00e1s).","robots":{"index":"index","follow":"follow","max-snippet":"max-snippet:-1","max-image-preview":"max-image-preview:large","max-video-preview":"max-video-preview:-1"},"canonical":"https:\/\/www.calvera.es\/es\/proyectos\/ng-pod-project\/","og_locale":"es_ES","og_type":"article","og_title":"Proyecto NG-POD - Calvera Hydrogen","og_description":"Calvera ha presentado un nuevo producto con un alto grado de innovaci\u00f3n en su proyecto GNC (gas natural comprimido y biog\u00e1s).","og_url":"https:\/\/www.calvera.es\/es\/proyectos\/ng-pod-project\/","og_site_name":"Calvera Hydrogen","article_modified_time":"2024-05-28T11:57:45+00:00","twitter_card":"summary_large_image","twitter_misc":{"Tiempo de lectura":"1 minuto"},"schema":{"@context":"https:\/\/schema.org","@graph":[{"@type":"WebPage","@id":"https:\/\/www.calvera.es\/es\/proyectos\/ng-pod-project\/","url":"https:\/\/www.calvera.es\/es\/proyectos\/ng-pod-project\/","name":"Proyecto NG-POD - Calvera Hydrogen","isPartOf":{"@id":"https:\/\/www.calvera.es\/#website"},"datePublished":"2021-09-23T15:22:08+00:00","dateModified":"2024-05-28T11:57:45+00:00","description":"Calvera ha presentado un nuevo producto con un alto grado de innovaci\u00f3n en su proyecto GNC (gas natural comprimido y biog\u00e1s).","breadcrumb":{"@id":"https:\/\/www.calvera.es\/es\/proyectos\/ng-pod-project\/#breadcrumb"},"inLanguage":"es","potentialAction":[{"@type":"ReadAction","target":["https:\/\/www.calvera.es\/es\/proyectos\/ng-pod-project\/"]}]},{"@type":"BreadcrumbList","@id":"https:\/\/www.calvera.es\/es\/proyectos\/ng-pod-project\/#breadcrumb","itemListElement":[{"@type":"ListItem","position":1,"name":"Portada","item":"https:\/\/www.calvera.es\/es\/"},{"@type":"ListItem","position":2,"name":"PROYECTOS","item":"https:\/\/www.calvera.es\/es\/proyectos\/"},{"@type":"ListItem","position":3,"name":"Proyecto NG-POD"}]},{"@type":"WebSite","@id":"https:\/\/www.calvera.es\/#website","url":"https:\/\/www.calvera.es\/","name":"Calvera Hydrogen","description":"Design and manufacture of hydrogen, biomethane and other gases infrastructure equipment","potentialAction":[{"@type":"SearchAction","target":{"@type":"EntryPoint","urlTemplate":"https:\/\/www.calvera.es\/?s={search_term_string}"},"query-input":{"@type":"PropertyValueSpecification","valueRequired":true,"valueName":"search_term_string"}}],"inLanguage":"es"}]}},"_links":{"self":[{"href":"https:\/\/www.calvera.es\/es\/wp-json\/wp\/v2\/pages\/9146","targetHints":{"allow":["GET"]}}],"collection":[{"href":"https:\/\/www.calvera.es\/es\/wp-json\/wp\/v2\/pages"}],"about":[{"href":"https:\/\/www.calvera.es\/es\/wp-json\/wp\/v2\/types\/page"}],"author":[{"embeddable":true,"href":"https:\/\/www.calvera.es\/es\/wp-json\/wp\/v2\/users\/1"}],"replies":[{"embeddable":true,"href":"https:\/\/www.calvera.es\/es\/wp-json\/wp\/v2\/comments?post=9146"}],"version-history":[{"count":0,"href":"https:\/\/www.calvera.es\/es\/wp-json\/wp\/v2\/pages\/9146\/revisions"}],"up":[{"embeddable":true,"href":"https:\/\/www.calvera.es\/es\/wp-json\/wp\/v2\/pages\/9126"}],"wp:attachment":[{"href":"https:\/\/www.calvera.es\/es\/wp-json\/wp\/v2\/media?parent=9146"}],"curies":[{"name":"wp","href":"https:\/\/api.w.org\/{rel}","templated":true}]}}