{"id":9137,"date":"2021-09-23T14:48:20","date_gmt":"2021-09-23T14:48:20","guid":{"rendered":"https:\/\/www.calvera.es\/proyectos\/surf-n-turf\/"},"modified":"2024-05-28T11:55:14","modified_gmt":"2024-05-28T11:55:14","slug":"surf-n-turf","status":"publish","type":"page","link":"https:\/\/www.calvera.es\/es\/proyectos\/surf-n-turf\/","title":{"rendered":"Surf \u2018n\u2019 Turf Project"},"content":{"rendered":"<p>[vc_row full_width=&#8221;stretch_row&#8221; css=&#8221;.vc_custom_1632408642680{padding-top: 200px !important;padding-bottom: 140px !important;background-image: url(http:\/\/www.calvera.es\/wp-content\/uploads\/2021\/09\/bg-surf-turf.jpg?id=8124) !important;background-position: center !important;background-repeat: no-repeat !important;background-size: cover !important;}&#8221;][vc_column][vc_row_inner][vc_column_inner width=&#8221;1\/4&#8243;][\/vc_column_inner][vc_column_inner width=&#8221;1\/2&#8243;]<header class=\"kd-section-title col-lg-12 text-center  kd-animated fadeIn  \" data-animation-delay=200><h1 class=\"separator_off\" style=\"color: #ffffff;\">Proyecto Surf \u2018n\u2019 Turf<\/h1><\/header><div class=\"video-container play-button-center\" ><a data-toggle=\"modal\" data-target=\"#video-modal-kd-video-modal-69f32487075ce\" data-src=\"https:\/\/www.youtube.com\/embed\/Rybpaqhg5Qg\" data-backdrop=\"true\" class=\"\"><span class=\"play-video\"><span class=\"fas fa-play\"><\/span><\/span><\/a><\/div><div class=\"modal fade video-modal\" id=\"video-modal-kd-video-modal-69f32487075ce\" role=\"dialog\">\n                            <div class=\"modal-content\">\n                            <button type=\"button\" class=\"close\" data-dismiss=\"modal\">\u00d7<\/button>\n                            <div class=\"row\"><iframe width=\"1024\" height=\"576\" webkitallowfullscreen mozallowfullscreen allowfullscreen><\/iframe><\/div>\n                            <\/div>\n                        <\/div>[\/vc_column_inner][vc_column_inner width=&#8221;1\/4&#8243;][\/vc_column_inner][\/vc_row_inner][\/vc_column][\/vc_row][vc_row css=&#8221;.vc_custom_1541587303248{padding-top: 100px !important;padding-bottom: 50px !important;}&#8221;][vc_column width=&#8221;1\/4&#8243;]<div class=\"key-icon-box icon-default  cont-left ib-no-effect  kd-animated fadeIn\" style=\"background-color: transparent;\" data-animation-delay=200><h6 class=\"service-heading\" >Cliente<\/h6><p >Proyecto Surf \u2018n\u2019 Turf<\/p><\/div>[vc_empty_space height=&#8221;36px&#8221;]<div class=\"key-icon-box icon-default  cont-left ib-no-effect  kd-animated fadeIn\" style=\"background-color: transparent;\" data-animation-delay=200><h6 class=\"service-heading\" >Proyecto<\/h6><p >Proyecto Surf \u2018n\u2019 Turf<\/p><\/div>[vc_empty_space height=&#8221;50&#8243;][\/vc_column][vc_column width=&#8221;1\/2&#8243;][vc_column_text]CALVERA HYDROGEN, como patrono de la Fundaci\u00f3n para el Desarrollo de Nuevas Tecnolog\u00edas del Hidr\u00f3geno en Arag\u00f3n, participa en el proyecto Surf \u2018n\u2019 Turf en las Islas Orkney de Escocia.<\/p>\n<p>Se trata de un ambicioso plan de producci\u00f3n de hidr\u00f3geno basado en el viento y las mareas de las islas (de ah\u00ed Surf \u2018n Turf). Tambi\u00e9n cubre el almacenamiento (almacenado en una pila de combustible de hidr\u00f3geno) y la distribuci\u00f3n, mediante la reconversi\u00f3n del hidr\u00f3geno en electricidad, para el abastecimiento local de las islas, los edificios portuarios y el puerto deportivo, entre otros usos. CALVERA HYDROGEN ha dotado al proyecto de tres unidades m\u00f3viles de almacenamiento de hidr\u00f3geno comprimido, para transportarlo desde Eday Island hasta el puerto de Kirkwall.<\/p>\n<p>Se trata de una iniciativa pionera en la producci\u00f3n, almacenamiento y distribuci\u00f3n de hidr\u00f3geno. Se ha utilizado para seguir implementando mejoras en el sistema con el proyecto de seguimiento: BIG HIT.<\/p>\n<p>M\u00e1s informaci\u00f3n en: <a href=\"http:\/\/www.surfnturf.org.uk\/\">http:\/\/www.surfnturf.org.uk\/<\/a>[\/vc_column_text][\/vc_column][vc_column width=&#8221;1\/12&#8243;][\/vc_column][vc_column width=&#8221;1\/6&#8243;][vc_media_grid element_width=&#8221;12&#8243; grid_id=&#8221;vc_gid:1716897272890-8f8a2136-5948-8&#8243; include=&#8221;8107&#8243;][\/vc_column][\/vc_row]<\/p>\n","protected":false},"excerpt":{"rendered":"<p>[vc_row full_width=&#8221;stretch_row&#8221; css=&#8221;.vc_custom_1632408642680{padding-top: 200px !important;padding-bottom: 140px !important;background-image: url(http:\/\/www.calvera.es\/wp-content\/uploads\/2021\/09\/bg-surf-turf.jpg?id=8124) !important;background-position: center !important;background-repeat: no-repeat !important;background-size: cover !important;}&#8221;][vc_column][vc_row_inner][vc_column_inner width=&#8221;1\/4&#8243;][\/vc_column_inner][vc_column_inner width=&#8221;1\/2&#8243;][\/vc_column_inner][vc_column_inner width=&#8221;1\/4&#8243;][\/vc_column_inner][\/vc_row_inner][\/vc_column][\/vc_row][vc_row css=&#8221;.vc_custom_1541587303248{padding-top: 100px [&hellip;]<\/p>\n","protected":false},"author":1,"featured_media":0,"parent":9126,"menu_order":0,"comment_status":"closed","ping_status":"closed","template":"","meta":{"footnotes":""},"class_list":["post-9137","page","type-page","status-publish","hentry"],"yoast_head":"<!-- This site is optimized with the Yoast SEO plugin v27.3 - https:\/\/yoast.com\/product\/yoast-seo-wordpress\/ -->\n<title>Surf \u2018n\u2019 Turf Project - Calvera Hydrogen<\/title>\n<meta name=\"description\" content=\"Calvera participa en el proyecto Surf \u2018n\u2019 Turf como patrono de la Fundaci\u00f3n para el Desarrollo de Nuevas Tecnolog\u00edas del Hidr\u00f3geno en Arag\u00f3n.\" \/>\n<meta name=\"robots\" content=\"index, follow, max-snippet:-1, max-image-preview:large, max-video-preview:-1\" \/>\n<link rel=\"canonical\" href=\"https:\/\/www.calvera.es\/es\/proyectos\/surf-n-turf\/\" \/>\n<meta property=\"og:locale\" content=\"es_ES\" \/>\n<meta property=\"og:type\" content=\"article\" \/>\n<meta property=\"og:title\" content=\"Surf \u2018n\u2019 Turf Project - Calvera Hydrogen\" \/>\n<meta property=\"og:description\" content=\"Calvera participa en el proyecto Surf \u2018n\u2019 Turf como patrono de la Fundaci\u00f3n para el Desarrollo de Nuevas Tecnolog\u00edas del Hidr\u00f3geno en Arag\u00f3n.\" \/>\n<meta property=\"og:url\" content=\"https:\/\/www.calvera.es\/es\/proyectos\/surf-n-turf\/\" \/>\n<meta property=\"og:site_name\" content=\"Calvera Hydrogen\" \/>\n<meta property=\"article:modified_time\" content=\"2024-05-28T11:55:14+00:00\" \/>\n<meta name=\"twitter:card\" content=\"summary_large_image\" \/>\n<meta name=\"twitter:label1\" content=\"Tiempo de lectura\" \/>\n\t<meta name=\"twitter:data1\" content=\"2 minutos\" \/>\n<script type=\"application\/ld+json\" class=\"yoast-schema-graph\">{\"@context\":\"https:\\\/\\\/schema.org\",\"@graph\":[{\"@type\":\"WebPage\",\"@id\":\"https:\\\/\\\/www.calvera.es\\\/es\\\/proyectos\\\/surf-n-turf\\\/\",\"url\":\"https:\\\/\\\/www.calvera.es\\\/es\\\/proyectos\\\/surf-n-turf\\\/\",\"name\":\"Surf \u2018n\u2019 Turf Project - Calvera Hydrogen\",\"isPartOf\":{\"@id\":\"https:\\\/\\\/www.calvera.es\\\/#website\"},\"datePublished\":\"2021-09-23T14:48:20+00:00\",\"dateModified\":\"2024-05-28T11:55:14+00:00\",\"description\":\"Calvera participa en el proyecto Surf \u2018n\u2019 Turf como patrono de la Fundaci\u00f3n para el Desarrollo de Nuevas Tecnolog\u00edas del Hidr\u00f3geno en Arag\u00f3n.\",\"breadcrumb\":{\"@id\":\"https:\\\/\\\/www.calvera.es\\\/es\\\/proyectos\\\/surf-n-turf\\\/#breadcrumb\"},\"inLanguage\":\"es\",\"potentialAction\":[{\"@type\":\"ReadAction\",\"target\":[\"https:\\\/\\\/www.calvera.es\\\/es\\\/proyectos\\\/surf-n-turf\\\/\"]}]},{\"@type\":\"BreadcrumbList\",\"@id\":\"https:\\\/\\\/www.calvera.es\\\/es\\\/proyectos\\\/surf-n-turf\\\/#breadcrumb\",\"itemListElement\":[{\"@type\":\"ListItem\",\"position\":1,\"name\":\"Portada\",\"item\":\"https:\\\/\\\/www.calvera.es\\\/es\\\/\"},{\"@type\":\"ListItem\",\"position\":2,\"name\":\"PROYECTOS\",\"item\":\"https:\\\/\\\/www.calvera.es\\\/es\\\/proyectos\\\/\"},{\"@type\":\"ListItem\",\"position\":3,\"name\":\"Surf \u2018n\u2019 Turf Project\"}]},{\"@type\":\"WebSite\",\"@id\":\"https:\\\/\\\/www.calvera.es\\\/#website\",\"url\":\"https:\\\/\\\/www.calvera.es\\\/\",\"name\":\"Calvera Hydrogen\",\"description\":\"Design and manufacture of hydrogen, biomethane and other gases infrastructure equipment\",\"potentialAction\":[{\"@type\":\"SearchAction\",\"target\":{\"@type\":\"EntryPoint\",\"urlTemplate\":\"https:\\\/\\\/www.calvera.es\\\/?s={search_term_string}\"},\"query-input\":{\"@type\":\"PropertyValueSpecification\",\"valueRequired\":true,\"valueName\":\"search_term_string\"}}],\"inLanguage\":\"es\"}]}<\/script>\n<!-- \/ Yoast SEO plugin. -->","yoast_head_json":{"title":"Surf \u2018n\u2019 Turf Project - Calvera Hydrogen","description":"Calvera participa en el proyecto Surf \u2018n\u2019 Turf como patrono de la Fundaci\u00f3n para el Desarrollo de Nuevas Tecnolog\u00edas del Hidr\u00f3geno en Arag\u00f3n.","robots":{"index":"index","follow":"follow","max-snippet":"max-snippet:-1","max-image-preview":"max-image-preview:large","max-video-preview":"max-video-preview:-1"},"canonical":"https:\/\/www.calvera.es\/es\/proyectos\/surf-n-turf\/","og_locale":"es_ES","og_type":"article","og_title":"Surf \u2018n\u2019 Turf Project - Calvera Hydrogen","og_description":"Calvera participa en el proyecto Surf \u2018n\u2019 Turf como patrono de la Fundaci\u00f3n para el Desarrollo de Nuevas Tecnolog\u00edas del Hidr\u00f3geno en Arag\u00f3n.","og_url":"https:\/\/www.calvera.es\/es\/proyectos\/surf-n-turf\/","og_site_name":"Calvera Hydrogen","article_modified_time":"2024-05-28T11:55:14+00:00","twitter_card":"summary_large_image","twitter_misc":{"Tiempo de lectura":"2 minutos"},"schema":{"@context":"https:\/\/schema.org","@graph":[{"@type":"WebPage","@id":"https:\/\/www.calvera.es\/es\/proyectos\/surf-n-turf\/","url":"https:\/\/www.calvera.es\/es\/proyectos\/surf-n-turf\/","name":"Surf \u2018n\u2019 Turf Project - Calvera Hydrogen","isPartOf":{"@id":"https:\/\/www.calvera.es\/#website"},"datePublished":"2021-09-23T14:48:20+00:00","dateModified":"2024-05-28T11:55:14+00:00","description":"Calvera participa en el proyecto Surf \u2018n\u2019 Turf como patrono de la Fundaci\u00f3n para el Desarrollo de Nuevas Tecnolog\u00edas del Hidr\u00f3geno en Arag\u00f3n.","breadcrumb":{"@id":"https:\/\/www.calvera.es\/es\/proyectos\/surf-n-turf\/#breadcrumb"},"inLanguage":"es","potentialAction":[{"@type":"ReadAction","target":["https:\/\/www.calvera.es\/es\/proyectos\/surf-n-turf\/"]}]},{"@type":"BreadcrumbList","@id":"https:\/\/www.calvera.es\/es\/proyectos\/surf-n-turf\/#breadcrumb","itemListElement":[{"@type":"ListItem","position":1,"name":"Portada","item":"https:\/\/www.calvera.es\/es\/"},{"@type":"ListItem","position":2,"name":"PROYECTOS","item":"https:\/\/www.calvera.es\/es\/proyectos\/"},{"@type":"ListItem","position":3,"name":"Surf \u2018n\u2019 Turf Project"}]},{"@type":"WebSite","@id":"https:\/\/www.calvera.es\/#website","url":"https:\/\/www.calvera.es\/","name":"Calvera Hydrogen","description":"Design and manufacture of hydrogen, biomethane and other gases infrastructure equipment","potentialAction":[{"@type":"SearchAction","target":{"@type":"EntryPoint","urlTemplate":"https:\/\/www.calvera.es\/?s={search_term_string}"},"query-input":{"@type":"PropertyValueSpecification","valueRequired":true,"valueName":"search_term_string"}}],"inLanguage":"es"}]}},"_links":{"self":[{"href":"https:\/\/www.calvera.es\/es\/wp-json\/wp\/v2\/pages\/9137","targetHints":{"allow":["GET"]}}],"collection":[{"href":"https:\/\/www.calvera.es\/es\/wp-json\/wp\/v2\/pages"}],"about":[{"href":"https:\/\/www.calvera.es\/es\/wp-json\/wp\/v2\/types\/page"}],"author":[{"embeddable":true,"href":"https:\/\/www.calvera.es\/es\/wp-json\/wp\/v2\/users\/1"}],"replies":[{"embeddable":true,"href":"https:\/\/www.calvera.es\/es\/wp-json\/wp\/v2\/comments?post=9137"}],"version-history":[{"count":0,"href":"https:\/\/www.calvera.es\/es\/wp-json\/wp\/v2\/pages\/9137\/revisions"}],"up":[{"embeddable":true,"href":"https:\/\/www.calvera.es\/es\/wp-json\/wp\/v2\/pages\/9126"}],"wp:attachment":[{"href":"https:\/\/www.calvera.es\/es\/wp-json\/wp\/v2\/media?parent=9137"}],"curies":[{"name":"wp","href":"https:\/\/api.w.org\/{rel}","templated":true}]}}