{"id":9080,"date":"2021-07-09T06:57:32","date_gmt":"2021-07-09T06:57:32","guid":{"rendered":"https:\/\/www.calvera.es\/home\/"},"modified":"2024-06-13T10:59:44","modified_gmt":"2024-06-13T10:59:44","slug":"home","status":"publish","type":"page","link":"https:\/\/www.calvera.es\/es\/","title":{"rendered":"HOME"},"content":{"rendered":"<p>[vc_row full_width=&#8221;stretch_row_content&#8221; full_height=&#8221;yes&#8221; content_placement=&#8221;middle&#8221; css=&#8221;.vc_custom_1643966208083{background-image: url(http:\/\/www.calvera.es\/wp-content\/uploads\/2022\/02\/banner-pral-1.jpg?id=8560) !important;background-position: center !important;background-repeat: no-repeat !important;background-size: cover !important;}&#8221;][vc_column]<header class=\"kd-section-title col-lg-12 text-center  kd-animated fadeIn  \" data-animation-delay=200><h1 class=\"separator_off\" style=\"color: #ffffff;font-size: 5em;\">Powering<strong> the future<\/strong><\/h1><h6 class=\"subtitle \" style=\"color: #ffffff;font-size: 20px;\">Hidrogeneras, soluciones de almacenamiento y sistemas de transporte de gases comprimidos.<\/h6><\/header>[\/vc_column][\/vc_row][vc_row full_width=&#8221;stretch_row&#8221; content_placement=&#8221;middle&#8221; css=&#8221;.vc_custom_1677772900905{padding-top: 100px !important;padding-bottom: 100px !important;}&#8221;][vc_column width=&#8221;1\/2&#8243; offset=&#8221;vc_col-lg-6 vc_col-md-12&#8243;][vc_column_text css_animation=&#8221;fadeIn&#8221;]<strong>SOBRE NOSOTROS<\/strong>[\/vc_column_text]<header class=\"kd-section-title col-lg-12 text-left  kd-animated fadeIn   vc_custom_1716984379285\" data-animation-delay=200><h2 class=\"separator_off\" >35 a\u00f1os de experiencia en el sector<\/h2><p class=\"subtitle \" style=\"font-size: 16px;\">En CALVERA HYDROGEN, somos expertos en el dise\u00f1o, fabricaci\u00f3n y suministro de equipos de almacenamiento, sistemas de compresi\u00f3n, transporte y suministro de gas a alta presi\u00f3n. Contamos con relaciones de larga duraci\u00f3n con proveedores l\u00edderes, permiti\u00e9ndonos lograr flexibilidad en toda la cadena de suministro y ofrecer la m\u00e1xima garant\u00eda de seguridad, calidad y fiabilidad.<\/p><\/header><a  href=\"https:\/\/www.calvera.es\/es\/sobre-nosotros\/\"  target=\"_self\"  title=\"Sobre nosotros\" class=\"tt_button tt_secondary_button btn_primary_color hover_solid_secondary pull-left button-action-link  kd-animated zoomIn\" data-animation-delay=200><span class=\"prim_text\">Leer m\u00e1s<\/span><\/a>[\/vc_column][vc_column width=&#8221;1\/2&#8243; css=&#8221;.vc_custom_1539591979391{padding-left: 0px !important;}&#8221; offset=&#8221;vc_col-lg-6 vc_col-md-12&#8243;][vc_single_image image=&#8221;10783&#8243; img_size=&#8221;FULL&#8221; alignment=&#8221;center&#8221; css_animation=&#8221;fadeIn&#8221; css=&#8221;.vc_custom_1716199268976{margin-bottom: 0px !important;}&#8221;][\/vc_column][\/vc_row][vc_row full_width=&#8221;stretch_row&#8221; css=&#8221;.vc_custom_1678963886884{padding-top: 100px !important;background: #1a1a1a url(https:\/\/www.calvera.es\/wp-content\/uploads\/2023\/03\/Diseno-sin-titulo-6.png?id=9774) !important;}&#8221;][vc_column css=&#8221;.vc_custom_1515686761275{padding-right: 0px !important;padding-left: 0px !important;}&#8221;][vc_row_inner][vc_column_inner]<header class=\"kd-section-title vc_col-lg-6 vc_col-sm-8 text-center  kd-animated fadeIn   vc_custom_1716984300811\" data-animation-delay=200><h2 class=\"separator_off\" style=\"color: #000000;\">Equipos<\/h2><p class=\"subtitle \" style=\"color: #000000;\">CALVERA HYDROGEN desarrolla productos innovadores, competitivos y eficientes que ofrecen soluciones revolucionarias para empresas y comunidades.<\/p><\/header>[\/vc_column_inner][\/vc_row_inner][vc_row_inner css=&#8221;.vc_custom_1536060444089{padding-bottom: 100px !important;}&#8221;][vc_column_inner css=&#8221;.vc_custom_1515686674776{padding-right: 15px !important;}&#8221;]\r\n                <div class=\"photobox-carousel pbc-parent white-navigation kd-pbc-69f314b081aaa nav-arrows-dots\">\r\n                    <div class=\"pbc-content\"><div class=\"kd-photobox kd-animated fadeInUp \" ><div class=\"photobox-img\"><a href=\"https:\/\/www.calvera.es\/es\/equipos\/hidrogeno\/\"  title=\"HIDR\u00d3GENO\"><img loading=\"lazy\" decoding=\"async\" width=\"1000\" height=\"650\" src=\"https:\/\/www.calvera.es\/wp-content\/uploads\/2021\/12\/dispensers-3.jpg\" class=\"attachment-full\" alt=\"\" title=\"dispensers-3\" srcset=\"https:\/\/www.calvera.es\/wp-content\/uploads\/2021\/12\/dispensers-3.jpg 1000w, https:\/\/www.calvera.es\/wp-content\/uploads\/2021\/12\/dispensers-3-300x195.jpg 300w, https:\/\/www.calvera.es\/wp-content\/uploads\/2021\/12\/dispensers-3-768x499.jpg 768w\" sizes=\"auto, (max-width: 1000px) 100vw, 1000px\" \/><\/a><\/div><div class=\"phb-content text-left \" ><h5 >Hidr\u00f3geno<\/h5><p >Desarrollamos equipos e instalaciones para el aprovechamiento del Hidr\u00f3geno como vector energ\u00e9tico y apoyamos a empresas tecnol\u00f3gicas que est\u00e1n desarrollando proyectos vinculados al hidr\u00f3geno.<\/p><div class=\"phb-btncontainer\">\r\n                      <a href=\"https:\/\/www.calvera.es\/es\/equipos\/hidrogeno\/\"  title=\"HIDR\u00d3GENO\" class=\"tt_button tt_secondary_button btn_primary_color\">Leer m\u00e1s<\/a>\r\n                  <\/div><\/div><\/div><div class=\"kd-photobox kd-animated fadeInUp \" data-animation-delay=200><div class=\"photobox-img\"><a href=\"https:\/\/www.calvera.es\/es\/equipos\/gnc-biometano\/\"  title=\"GNC\/BIOMETANO\"><img loading=\"lazy\" decoding=\"async\" width=\"1000\" height=\"650\" src=\"https:\/\/www.calvera.es\/wp-content\/uploads\/2021\/12\/cng-compresion-systems-2.jpg\" class=\"attachment-full\" alt=\"\" title=\"cng-compresion-systems-2\" srcset=\"https:\/\/www.calvera.es\/wp-content\/uploads\/2021\/12\/cng-compresion-systems-2.jpg 1000w, https:\/\/www.calvera.es\/wp-content\/uploads\/2021\/12\/cng-compresion-systems-2-300x195.jpg 300w, https:\/\/www.calvera.es\/wp-content\/uploads\/2021\/12\/cng-compresion-systems-2-768x499.jpg 768w\" sizes=\"auto, (max-width: 1000px) 100vw, 1000px\" \/><\/a><\/div><div class=\"phb-content text-left \" ><h5 >GNC\/Biometano<\/h5><p >Ofrecemos soluciones de almacenamiento y transporte de Gas Natural Comprimido (GNC) exclusivas en el mercado, adaptadas a todos los vol\u00famenes y consumos asegurando la m\u00e1xima eficiencia operativa en costes.<\/p><div class=\"phb-btncontainer\">\r\n                      <a href=\"https:\/\/www.calvera.es\/es\/equipos\/gnc-biometano\/\"  title=\"GNC\/BIOMETANO\" class=\"tt_button tt_secondary_button btn_primary_color\">Leer m\u00e1s<\/a>\r\n                  <\/div><\/div><\/div><div class=\"kd-photobox kd-animated fadeInUp \" data-animation-delay=400><div class=\"photobox-img\"><a href=\"https:\/\/www.calvera.es\/es\/equipos\/gases-industriales\/\"  title=\"GASES INDUSTRIALES\"><img loading=\"lazy\" decoding=\"async\" width=\"1000\" height=\"650\" src=\"https:\/\/www.calvera.es\/wp-content\/uploads\/2022\/04\/indutrial-gasess.jpg\" class=\"attachment-full\" alt=\"\" title=\"indutrial-gasess\" srcset=\"https:\/\/www.calvera.es\/wp-content\/uploads\/2022\/04\/indutrial-gasess.jpg 1000w, https:\/\/www.calvera.es\/wp-content\/uploads\/2022\/04\/indutrial-gasess-300x195.jpg 300w, https:\/\/www.calvera.es\/wp-content\/uploads\/2022\/04\/indutrial-gasess-768x499.jpg 768w\" sizes=\"auto, (max-width: 1000px) 100vw, 1000px\" \/><\/a><\/div><div class=\"phb-content text-left \" ><h5 >Gases industriales<\/h5><p >Atendemos a las principales multinacionales gasistas, como proveedor homologado de soluciones de transporte y almacenamiento para todos los gases industriales, alimentarios y medicinales.<\/p><div class=\"phb-btncontainer\">\r\n                      <a href=\"https:\/\/www.calvera.es\/es\/equipos\/gases-industriales\/\"  title=\"GASES INDUSTRIALES\" class=\"tt_button tt_secondary_button btn_primary_color\">Leer m\u00e1s<\/a>\r\n                  <\/div><\/div><\/div><\/div>\r\n                <\/div><script type=\"text\/javascript\">\r\n          \t\t\t\tjQuery(document).ready(function($){\r\n                    if ($(\".photobox-carousel.kd-pbc-69f314b081aaa .pbc-content\").length) {\r\n                      $(\".photobox-carousel.kd-pbc-69f314b081aaa .pbc-content\").owlCarousel({\r\n                          stageClass: \"owl-wrapper\",\r\n                          stageOuterClass: \"owl-wrapper-outer\",\r\n                          loadedClass: \"owl-carousel\",\r\n                          responsive:{\r\n                              0:{\r\n                                  items:1,\r\n                                  dots: false,\r\n                                  nav: true,\r\n                                  navSpeed: 500,\r\n                              },\r\n                              768:{\r\n                                  items:2,\r\n                              },\r\n                              1199:{\r\n                                  items:3,\r\n                              },\r\n                              1366:{\r\n                                  items:3,\ndots: true,\r\n                                    dotsEach: true,\r\n                                    dotsSpeed: 500,\r\n                                    nav: true,\r\n                                    navSpeed: 500,}\r\n                          },\r\n                          rewind: true,\nloop: true,\nautoplay: false,\nautoplayHoverPause: false,addClassActive: true,\r\n                      });\r\n                    }\r\n          \t\t\t\t});\r\n          \t\t\t<\/script>[\/vc_column_inner][\/vc_row_inner][\/vc_column][\/vc_row][vc_row full_width=&#8221;stretch_row&#8221;][vc_column css=&#8221;.vc_custom_1677775997864{padding-bottom: 5% !important;}&#8221;][vc_row_inner css=&#8221;.vc_custom_1536243977243{padding-top: 100px !important;}&#8221;][vc_column_inner width=&#8221;1\/4&#8243; offset=&#8221;vc_hidden-xs&#8221;][\/vc_column_inner][vc_column_inner width=&#8221;1\/2&#8243;]<header class=\"kd-section-title col-lg-12 text-center  kd-animated fadeIn   vc_custom_1716984322328\" data-animation-delay=200><h2 class=\"separator_off\" >Expertos en Hidr\u00f3geno<\/h2><p class=\"subtitle \" style=\"font-size: 16px;\">CALVERA HYDROGEN dise\u00f1a y fabrica soluciones a medida seg\u00fan las necesidades del cliente para cada una de sus l\u00edneas de negocio, proporcionando un conjunto completo de servicios que incluyen: estudios, ingenier\u00eda, montaje mec\u00e1nico, puesta en marcha, formaci\u00f3n, mantenimiento y tuve trailer leasing.<\/p><\/header><a  href=\"https:\/\/www.calvera.es\/es\/servicios\/servicios\/\"  target=\"_self\"  title=\"SERVICIOS\" class=\"tt_button tt_secondary_button btn_primary_color hover_solid_secondary button-center button-action-link  kd-animated zoomIn\" data-animation-delay=200><span class=\"prim_text\">Descubre todos nuestros servicios<\/span><\/a>[vc_empty_space height=&#8221;15px&#8221;][\/vc_column_inner][vc_column_inner width=&#8221;1\/4&#8243; offset=&#8221;vc_hidden-xs&#8221;][\/vc_column_inner][\/vc_row_inner][\/vc_column][\/vc_row][vc_row full_width=&#8221;stretch_row&#8221; content_placement=&#8221;middle&#8221; css=&#8221;.vc_custom_1678961870379{padding-top: 100px !important;padding-bottom: 100px !important;background: #1a1a1a url(https:\/\/www.calvera.es\/wp-content\/uploads\/2023\/03\/dominik-schroder-FIKD9t5_5zQ-unsplash-scaled.jpg?id=9753) !important;background-position: center !important;background-repeat: no-repeat !important;background-size: cover !important;}&#8221;][vc_column width=&#8221;1\/2&#8243; offset=&#8221;vc_col-lg-6 vc_col-md-12&#8243;][vc_column_text css_animation=&#8221;fadeIn&#8221;]<strong>\u00daLTIMA NOTICIA<\/strong>[\/vc_column_text][vc_row_inner][vc_column_inner css=&#8221;.vc_custom_1541584996789{padding-right: 0px !important;padding-left: 0px !important;}&#8221;]<header class=\"kd-section-title col-lg-12 text-left  kd-animated fadeIn   vc_custom_1716984339277\" data-animation-delay=200><h2 class=\"separator_off\" style=\"color: #000000;\">CALVERA HYDROGEN lanza su producto m\u00e1s novedoso: CALVERA 20\u00d720 PORTABLE HYDROGEN REFUELLING STATION<\/h2><p class=\"subtitle \" style=\"color: #000000;\">Como resultado de nuestra creciente inversi\u00f3n en I+D y en el desarrollo de nuevos productos de infraestructura de Hidr\u00f3geno, enfocados en el impulso del sector, acabamos de lanzar nuestra hidrogenera m\u00e1s novedosa: CALVERA 20\u00d720 PORTABLE HYDROGEN REFUELLING STATION.<\/p><\/header><a  href=\"https:\/\/www.calvera.es\/es\/20x20_portable_hrs\/\"  target=\"_self\"  title=\"PROYECTOS\" class=\"tt_button tt_secondary_button btn_primary_color hover_solid_secondary pull-left button-action-link  kd-animated zoomIn\" data-animation-delay=200><span class=\"prim_text\">Leer m\u00e1s<\/span><\/a><a  href=\"https:\/\/www.calvera.es\/es\/noticias\/\"  target=\"_self\"  title=\"PROYECTOS\" class=\"tt_button tt_secondary_button btn_primary_color hover_solid_secondary pull-right button-action-link  kd-animated zoomIn\" data-animation-delay=400><span class=\"prim_text\">Otras noticias<\/span><\/a>[\/vc_column_inner][\/vc_row_inner][\/vc_column][vc_column width=&#8221;1\/2&#8243; css=&#8221;.vc_custom_1539615221909{padding-left: 100px !important;}&#8221; offset=&#8221;vc_col-lg-6 vc_col-md-12&#8243;][vc_video link=&#8221;https:\/\/youtu.be\/3HPi4zFPc18?si=VyePGECKhJH7otSS&#8221; css_animation=&#8221;fadeIn&#8221;][\/vc_column][\/vc_row][vc_row full_width=&#8221;stretch_row&#8221; content_placement=&#8221;middle&#8221; css_animation=&#8221;none&#8221; css=&#8221;.vc_custom_1718275896211{padding-top: 100px !important;padding-bottom: 100px !important;background-position: center !important;background-repeat: no-repeat !important;background-size: cover !important;}&#8221;][vc_column width=&#8221;1\/2&#8243; offset=&#8221;vc_col-lg-6 vc_col-md-12&#8243;][vc_single_image image=&#8221;10688&#8243; img_size=&#8221;full&#8221; css_animation=&#8221;fadeIn&#8221;][\/vc_column][vc_column width=&#8221;1\/2&#8243; css=&#8221;.vc_custom_1539615221909{padding-left: 100px !important;}&#8221; offset=&#8221;vc_col-lg-6 vc_col-md-12&#8243;][vc_column_text css_animation=&#8221;fadeIn&#8221;]<strong>NUESTRO \u00daLTIMO PROYECTO<\/strong>[\/vc_column_text][vc_row_inner][vc_column_inner css=&#8221;.vc_custom_1541584996789{padding-right: 0px !important;padding-left: 0px !important;}&#8221;]<header class=\"kd-section-title col-lg-12 text-left  kd-animated fadeIn   vc_custom_1718275909617\" data-animation-delay=200><h2 class=\"separator_off\" style=\"color: #000000;\">PROYECTO POLONIA<\/h2><p class=\"subtitle \" style=\"color: #000000;\">Este proyecto consiste en la fabricaci\u00f3n e instalaci\u00f3n de 2 hidrogeneras completas en las ciudades de Poznan y Katowice (Polonia).<br \/>\nSe trata de hidrogeneras de doble presi\u00f3n: 350 bar para el repostaje de autobuses y 700 bar para el repostaje de coches.<\/p><\/header><a  href=\"https:\/\/www.calvera.es\/es\/proyectos\/\"  target=\"_self\"  title=\"PROYECTOS\" class=\"tt_button tt_secondary_button btn_primary_color hover_solid_secondary pull-left button-action-link  kd-animated zoomIn\" data-animation-delay=200><span class=\"prim_text\">Ver todos los proyectos<\/span><\/a>[\/vc_column_inner][\/vc_row_inner][\/vc_column][\/vc_row]<\/p>\n","protected":false},"excerpt":{"rendered":"<p>[vc_row full_width=&#8221;stretch_row_content&#8221; full_height=&#8221;yes&#8221; content_placement=&#8221;middle&#8221; css=&#8221;.vc_custom_1643966208083{background-image: url(http:\/\/www.calvera.es\/wp-content\/uploads\/2022\/02\/banner-pral-1.jpg?id=8560) !important;background-position: center !important;background-repeat: no-repeat !important;background-size: cover !important;}&#8221;][vc_column][\/vc_column][\/vc_row][vc_row full_width=&#8221;stretch_row&#8221; content_placement=&#8221;middle&#8221; css=&#8221;.vc_custom_1677772900905{padding-top: 100px !important;padding-bottom: 100px !important;}&#8221;][vc_column [&hellip;]<\/p>\n","protected":false},"author":1,"featured_media":0,"parent":0,"menu_order":0,"comment_status":"closed","ping_status":"closed","template":"","meta":{"footnotes":""},"class_list":["post-9080","page","type-page","status-publish","hentry"],"yoast_head":"<!-- This site is optimized with the Yoast SEO plugin v27.3 - https:\/\/yoast.com\/product\/yoast-seo-wordpress\/ -->\n<title>HOME - Calvera Hydrogen<\/title>\n<meta name=\"description\" content=\"En Calvera Hydrogen, somos expertos en el dise\u00f1o y fabricaci\u00f3n de equipos de infraestructura de hidr\u00f3geno para comprimir, almacenar, transportar y dispensar hidr\u00f3geno, biometano y otros gases.\" \/>\n<meta name=\"robots\" content=\"index, follow, max-snippet:-1, max-image-preview:large, max-video-preview:-1\" \/>\n<link rel=\"canonical\" href=\"https:\/\/www.calvera.es\/es\/\" \/>\n<meta property=\"og:locale\" content=\"es_ES\" \/>\n<meta property=\"og:type\" content=\"article\" \/>\n<meta property=\"og:title\" content=\"HOME - Calvera Hydrogen\" \/>\n<meta property=\"og:description\" content=\"En Calvera Hydrogen, somos expertos en el dise\u00f1o y fabricaci\u00f3n de equipos de infraestructura de hidr\u00f3geno para comprimir, almacenar, transportar y dispensar hidr\u00f3geno, biometano y otros gases.\" \/>\n<meta property=\"og:url\" content=\"https:\/\/www.calvera.es\/es\/\" \/>\n<meta property=\"og:site_name\" content=\"Calvera Hydrogen\" \/>\n<meta property=\"article:modified_time\" content=\"2024-06-13T10:59:44+00:00\" \/>\n<meta name=\"twitter:card\" content=\"summary_large_image\" \/>\n<meta name=\"twitter:label1\" content=\"Tiempo de lectura\" \/>\n\t<meta name=\"twitter:data1\" content=\"3 minutos\" \/>\n<script type=\"application\/ld+json\" class=\"yoast-schema-graph\">{\"@context\":\"https:\\\/\\\/schema.org\",\"@graph\":[{\"@type\":\"WebPage\",\"@id\":\"https:\\\/\\\/www.calvera.es\\\/es\\\/\",\"url\":\"https:\\\/\\\/www.calvera.es\\\/es\\\/\",\"name\":\"HOME - Calvera Hydrogen\",\"isPartOf\":{\"@id\":\"https:\\\/\\\/www.calvera.es\\\/#website\"},\"datePublished\":\"2021-07-09T06:57:32+00:00\",\"dateModified\":\"2024-06-13T10:59:44+00:00\",\"description\":\"En Calvera Hydrogen, somos expertos en el dise\u00f1o y fabricaci\u00f3n de equipos de infraestructura de hidr\u00f3geno para comprimir, almacenar, transportar y dispensar hidr\u00f3geno, biometano y otros gases.\",\"breadcrumb\":{\"@id\":\"https:\\\/\\\/www.calvera.es\\\/es\\\/#breadcrumb\"},\"inLanguage\":\"es\",\"potentialAction\":[{\"@type\":\"ReadAction\",\"target\":[\"https:\\\/\\\/www.calvera.es\\\/es\\\/\"]}]},{\"@type\":\"BreadcrumbList\",\"@id\":\"https:\\\/\\\/www.calvera.es\\\/es\\\/#breadcrumb\",\"itemListElement\":[{\"@type\":\"ListItem\",\"position\":1,\"name\":\"Portada\",\"item\":\"https:\\\/\\\/www.calvera.es\\\/es\\\/\"},{\"@type\":\"ListItem\",\"position\":2,\"name\":\"HOME\"}]},{\"@type\":\"WebSite\",\"@id\":\"https:\\\/\\\/www.calvera.es\\\/#website\",\"url\":\"https:\\\/\\\/www.calvera.es\\\/\",\"name\":\"Calvera Hydrogen\",\"description\":\"Design and manufacture of hydrogen, biomethane and other gases infrastructure equipment\",\"potentialAction\":[{\"@type\":\"SearchAction\",\"target\":{\"@type\":\"EntryPoint\",\"urlTemplate\":\"https:\\\/\\\/www.calvera.es\\\/?s={search_term_string}\"},\"query-input\":{\"@type\":\"PropertyValueSpecification\",\"valueRequired\":true,\"valueName\":\"search_term_string\"}}],\"inLanguage\":\"es\"}]}<\/script>\n<!-- \/ Yoast SEO plugin. -->","yoast_head_json":{"title":"HOME - Calvera Hydrogen","description":"En Calvera Hydrogen, somos expertos en el dise\u00f1o y fabricaci\u00f3n de equipos de infraestructura de hidr\u00f3geno para comprimir, almacenar, transportar y dispensar hidr\u00f3geno, biometano y otros gases.","robots":{"index":"index","follow":"follow","max-snippet":"max-snippet:-1","max-image-preview":"max-image-preview:large","max-video-preview":"max-video-preview:-1"},"canonical":"https:\/\/www.calvera.es\/es\/","og_locale":"es_ES","og_type":"article","og_title":"HOME - Calvera Hydrogen","og_description":"En Calvera Hydrogen, somos expertos en el dise\u00f1o y fabricaci\u00f3n de equipos de infraestructura de hidr\u00f3geno para comprimir, almacenar, transportar y dispensar hidr\u00f3geno, biometano y otros gases.","og_url":"https:\/\/www.calvera.es\/es\/","og_site_name":"Calvera Hydrogen","article_modified_time":"2024-06-13T10:59:44+00:00","twitter_card":"summary_large_image","twitter_misc":{"Tiempo de lectura":"3 minutos"},"schema":{"@context":"https:\/\/schema.org","@graph":[{"@type":"WebPage","@id":"https:\/\/www.calvera.es\/es\/","url":"https:\/\/www.calvera.es\/es\/","name":"HOME - Calvera Hydrogen","isPartOf":{"@id":"https:\/\/www.calvera.es\/#website"},"datePublished":"2021-07-09T06:57:32+00:00","dateModified":"2024-06-13T10:59:44+00:00","description":"En Calvera Hydrogen, somos expertos en el dise\u00f1o y fabricaci\u00f3n de equipos de infraestructura de hidr\u00f3geno para comprimir, almacenar, transportar y dispensar hidr\u00f3geno, biometano y otros gases.","breadcrumb":{"@id":"https:\/\/www.calvera.es\/es\/#breadcrumb"},"inLanguage":"es","potentialAction":[{"@type":"ReadAction","target":["https:\/\/www.calvera.es\/es\/"]}]},{"@type":"BreadcrumbList","@id":"https:\/\/www.calvera.es\/es\/#breadcrumb","itemListElement":[{"@type":"ListItem","position":1,"name":"Portada","item":"https:\/\/www.calvera.es\/es\/"},{"@type":"ListItem","position":2,"name":"HOME"}]},{"@type":"WebSite","@id":"https:\/\/www.calvera.es\/#website","url":"https:\/\/www.calvera.es\/","name":"Calvera Hydrogen","description":"Design and manufacture of hydrogen, biomethane and other gases infrastructure equipment","potentialAction":[{"@type":"SearchAction","target":{"@type":"EntryPoint","urlTemplate":"https:\/\/www.calvera.es\/?s={search_term_string}"},"query-input":{"@type":"PropertyValueSpecification","valueRequired":true,"valueName":"search_term_string"}}],"inLanguage":"es"}]}},"_links":{"self":[{"href":"https:\/\/www.calvera.es\/es\/wp-json\/wp\/v2\/pages\/9080","targetHints":{"allow":["GET"]}}],"collection":[{"href":"https:\/\/www.calvera.es\/es\/wp-json\/wp\/v2\/pages"}],"about":[{"href":"https:\/\/www.calvera.es\/es\/wp-json\/wp\/v2\/types\/page"}],"author":[{"embeddable":true,"href":"https:\/\/www.calvera.es\/es\/wp-json\/wp\/v2\/users\/1"}],"replies":[{"embeddable":true,"href":"https:\/\/www.calvera.es\/es\/wp-json\/wp\/v2\/comments?post=9080"}],"version-history":[{"count":0,"href":"https:\/\/www.calvera.es\/es\/wp-json\/wp\/v2\/pages\/9080\/revisions"}],"wp:attachment":[{"href":"https:\/\/www.calvera.es\/es\/wp-json\/wp\/v2\/media?parent=9080"}],"curies":[{"name":"wp","href":"https:\/\/api.w.org\/{rel}","templated":true}]}}